{"id":8033,"date":"2023-05-15T22:46:41","date_gmt":"2023-05-16T03:46:41","guid":{"rendered":"https:\/\/tumuebleonline.com\/?post_type=product&#038;p=8033"},"modified":"2023-05-16T09:46:33","modified_gmt":"2023-05-16T14:46:33","slug":"playera-oberhausen","status":"publish","type":"product","link":"https:\/\/tumuebleonline.com\/index.php\/product\/playera-oberhausen\/","title":{"rendered":"PLAYERA OBERHAUSEN"},"content":{"rendered":"<h6><span style=\"color: #000000;\">Observaciones<\/span><\/h6>\n<p style=\"margin-bottom: 25px;\">La foto de este producto ha sido ambientada, por lo cual no incluye ning\u00fan adorno, ni accesorios, ni piezas adicionales ni ning\u00fan otro elemento que lo acompa\u00f1an.<\/p>\n<h5><span style=\"color: #000000;\">Recuerde el precio es de (FABRICA), este producto es <span class=\"fe5nidar khvhiq1o r5qsrrlp i5tg98hk f9ovudaz przvwfww gx1rr48f gfz4du6o r7fjleex nz2484kf svot0ezm dcnh1tix sxl192xd t3g6t33p\"><span class=\"mpj7bzys xzlurrtv\">\ud83d\udcaf<\/span><\/span><span class=\"selectable-text copyable-text\">% artesanal\u00a0 y <span class=\"fe5nidar khvhiq1o r5qsrrlp i5tg98hk f9ovudaz przvwfww gx1rr48f gfz4du6o r7fjleex nz2484kf svot0ezm dcnh1tix sxl192xd t3g6t33p\"><span class=\"mpj7bzys xzlurrtv\">\ud83d\udcaf<\/span><\/span>% nacional<\/span><\/span><\/h5>\n","protected":false},"excerpt":{"rendered":"<h1><span style=\"color: #000000;\">Playera Oberhausen 4 personas<\/span><\/h1>\n<ul>\n<li><span class=\"selectable-text copyable-text\" style=\"color: #000000;\"><strong>Estructura: <\/strong>Aluminio<\/span><\/li>\n<li><span class=\"selectable-text copyable-text\" style=\"color: #000000;\"><strong>Fibra:<\/strong>\u00a0Rattan Sint\u00e9tico.<\/span><\/li>\n<li><span class=\"selectable-text copyable-text\" style=\"color: #000000;\"><strong>Cojineria :<\/strong>\u00a0Tela anti fluido tipo lona\u00a0<\/span><\/li>\n<li><span class=\"selectable-text copyable-text\" style=\"color: #000000;\"><strong>Garant\u00eda :\u00a0 \u00a0<\/strong>2 A\u00f1os<\/span><\/li>\n<li><span class=\"selectable-text copyable-text\" style=\"color: #000000;\"><strong>Durabilidad :<\/strong> \u00a09 a 12 A\u00f1os <\/span><\/li>\n<li><span class=\"selectable-text copyable-text\" style=\"color: #000000;\"><strong>Medidas :<\/strong> 160cm de diametro en el asiento y 190cm de diametro total<\/span><\/li>\n<\/ul>\n","protected":false},"featured_media":8034,"comment_status":"open","ping_status":"closed","template":"","meta":{"_joinchat":[]},"product_cat":[44,66],"product_tag":[150,152,155,151,153,154],"class_list":["post-8033","product","type-product","status-publish","has-post-thumbnail","hentry","product_cat-rattan-sintetico","product_cat-playera","product_tag-hogar","product_tag-jardin","product_tag-medellincolombia","product_tag-sala","product_tag-salasmodernas","product_tag-sofas"],"yoast_head":"<!-- This site is optimized with the Yoast SEO plugin v22.2 - https:\/\/yoast.com\/wordpress\/plugins\/seo\/ -->\n<title>PLAYERA OBERHAUSEN - Tu Mueble Online<\/title>\n<meta name=\"robots\" content=\"index, follow, max-snippet:-1, max-image-preview:large, max-video-preview:-1\" \/>\n<link rel=\"canonical\" href=\"https:\/\/tumuebleonline.com\/index.php\/product\/playera-oberhausen\/\" \/>\n<meta property=\"og:locale\" content=\"es_ES\" \/>\n<meta property=\"og:type\" content=\"article\" \/>\n<meta property=\"og:title\" content=\"PLAYERA OBERHAUSEN - Tu Mueble Online\" \/>\n<meta property=\"og:description\" content=\"Playera Oberhausen 4 personas   Estructura: Aluminio  Fibra:\u00a0Rattan Sint\u00e9tico.  Cojineria :\u00a0Tela anti fluido tipo lona\u00a0  Garant\u00eda :\u00a0 \u00a02 A\u00f1os  Durabilidad : \u00a09 a 12 A\u00f1os   Medidas : 160cm de diametro en el asiento y 190cm de diametro total\" \/>\n<meta property=\"og:url\" content=\"https:\/\/tumuebleonline.com\/index.php\/product\/playera-oberhausen\/\" \/>\n<meta property=\"og:site_name\" content=\"Tu Mueble Online\" \/>\n<meta property=\"article:publisher\" content=\"https:\/\/www.facebook.com\/tumuebleonlineee\" \/>\n<meta property=\"article:modified_time\" content=\"2023-05-16T14:46:33+00:00\" \/>\n<meta property=\"og:image\" content=\"https:\/\/tumuebleonline.com\/wp-content\/uploads\/2023\/05\/WhatsApp-Image-2023-02-21-at-11.09.21-AM-4.jpeg\" \/>\n\t<meta property=\"og:image:width\" content=\"500\" \/>\n\t<meta property=\"og:image:height\" content=\"384\" \/>\n\t<meta property=\"og:image:type\" content=\"image\/jpeg\" \/>\n<meta name=\"twitter:card\" content=\"summary_large_image\" \/>\n<script type=\"application\/ld+json\" class=\"yoast-schema-graph\">{\"@context\":\"https:\/\/schema.org\",\"@graph\":[{\"@type\":\"WebPage\",\"@id\":\"https:\/\/tumuebleonline.com\/index.php\/product\/playera-oberhausen\/\",\"url\":\"https:\/\/tumuebleonline.com\/index.php\/product\/playera-oberhausen\/\",\"name\":\"PLAYERA OBERHAUSEN - Tu Mueble Online\",\"isPartOf\":{\"@id\":\"https:\/\/tumuebleonline.com\/#website\"},\"primaryImageOfPage\":{\"@id\":\"https:\/\/tumuebleonline.com\/index.php\/product\/playera-oberhausen\/#primaryimage\"},\"image\":{\"@id\":\"https:\/\/tumuebleonline.com\/index.php\/product\/playera-oberhausen\/#primaryimage\"},\"thumbnailUrl\":\"https:\/\/tumuebleonline.com\/wp-content\/uploads\/2023\/05\/WhatsApp-Image-2023-02-21-at-11.09.21-AM-4.jpeg\",\"datePublished\":\"2023-05-16T03:46:41+00:00\",\"dateModified\":\"2023-05-16T14:46:33+00:00\",\"breadcrumb\":{\"@id\":\"https:\/\/tumuebleonline.com\/index.php\/product\/playera-oberhausen\/#breadcrumb\"},\"inLanguage\":\"es-CO\",\"potentialAction\":[{\"@type\":\"ReadAction\",\"target\":[\"https:\/\/tumuebleonline.com\/index.php\/product\/playera-oberhausen\/\"]}]},{\"@type\":\"ImageObject\",\"inLanguage\":\"es-CO\",\"@id\":\"https:\/\/tumuebleonline.com\/index.php\/product\/playera-oberhausen\/#primaryimage\",\"url\":\"https:\/\/tumuebleonline.com\/wp-content\/uploads\/2023\/05\/WhatsApp-Image-2023-02-21-at-11.09.21-AM-4.jpeg\",\"contentUrl\":\"https:\/\/tumuebleonline.com\/wp-content\/uploads\/2023\/05\/WhatsApp-Image-2023-02-21-at-11.09.21-AM-4.jpeg\",\"width\":500,\"height\":384},{\"@type\":\"BreadcrumbList\",\"@id\":\"https:\/\/tumuebleonline.com\/index.php\/product\/playera-oberhausen\/#breadcrumb\",\"itemListElement\":[{\"@type\":\"ListItem\",\"position\":1,\"name\":\"Inicio\",\"item\":\"https:\/\/tumuebleonline.com\/\"},{\"@type\":\"ListItem\",\"position\":2,\"name\":\"Shop\",\"item\":\"https:\/\/tumuebleonline.com\/index.php\/shop-2\/\"},{\"@type\":\"ListItem\",\"position\":3,\"name\":\"PLAYERA OBERHAUSEN\"}]},{\"@type\":\"WebSite\",\"@id\":\"https:\/\/tumuebleonline.com\/#website\",\"url\":\"https:\/\/tumuebleonline.com\/\",\"name\":\"Tu Mueble Online\",\"description\":\"Fabricacion de muebles en rattan sintetico y fibras naturales.\",\"publisher\":{\"@id\":\"https:\/\/tumuebleonline.com\/#organization\"},\"potentialAction\":[{\"@type\":\"SearchAction\",\"target\":{\"@type\":\"EntryPoint\",\"urlTemplate\":\"https:\/\/tumuebleonline.com\/?s={search_term_string}\"},\"query-input\":\"required name=search_term_string\"}],\"inLanguage\":\"es-CO\"},{\"@type\":\"Organization\",\"@id\":\"https:\/\/tumuebleonline.com\/#organization\",\"name\":\"Tu Mueble Online\",\"url\":\"https:\/\/tumuebleonline.com\/\",\"logo\":{\"@type\":\"ImageObject\",\"inLanguage\":\"es-CO\",\"@id\":\"https:\/\/tumuebleonline.com\/#\/schema\/logo\/image\/\",\"url\":\"https:\/\/tumuebleonline.com\/wp-content\/uploads\/2024\/03\/logoo-pqueno.jpg\",\"contentUrl\":\"https:\/\/tumuebleonline.com\/wp-content\/uploads\/2024\/03\/logoo-pqueno.jpg\",\"width\":112,\"height\":112,\"caption\":\"Tu Mueble Online\"},\"image\":{\"@id\":\"https:\/\/tumuebleonline.com\/#\/schema\/logo\/image\/\"},\"sameAs\":[\"https:\/\/www.facebook.com\/tumuebleonlineee\",\"https:\/\/www.tiktok.com\/@tumuebleonline\",\"https:\/\/www.instagram.com\/tumuebleonline1\/\",\"https:\/\/wa.me\/message\/XMW4WYMC7XMHM1\"]}]}<\/script>\n<!-- \/ Yoast SEO plugin. -->","yoast_head_json":{"title":"PLAYERA OBERHAUSEN - Tu Mueble Online","robots":{"index":"index","follow":"follow","max-snippet":"max-snippet:-1","max-image-preview":"max-image-preview:large","max-video-preview":"max-video-preview:-1"},"canonical":"https:\/\/tumuebleonline.com\/index.php\/product\/playera-oberhausen\/","og_locale":"es_ES","og_type":"article","og_title":"PLAYERA OBERHAUSEN - Tu Mueble Online","og_description":"Playera Oberhausen 4 personas   Estructura: Aluminio  Fibra:\u00a0Rattan Sint\u00e9tico.  Cojineria :\u00a0Tela anti fluido tipo lona\u00a0  Garant\u00eda :\u00a0 \u00a02 A\u00f1os  Durabilidad : \u00a09 a 12 A\u00f1os   Medidas : 160cm de diametro en el asiento y 190cm de diametro total","og_url":"https:\/\/tumuebleonline.com\/index.php\/product\/playera-oberhausen\/","og_site_name":"Tu Mueble Online","article_publisher":"https:\/\/www.facebook.com\/tumuebleonlineee","article_modified_time":"2023-05-16T14:46:33+00:00","og_image":[{"width":500,"height":384,"url":"https:\/\/tumuebleonline.com\/wp-content\/uploads\/2023\/05\/WhatsApp-Image-2023-02-21-at-11.09.21-AM-4.jpeg","type":"image\/jpeg"}],"twitter_card":"summary_large_image","schema":{"@context":"https:\/\/schema.org","@graph":[{"@type":"WebPage","@id":"https:\/\/tumuebleonline.com\/index.php\/product\/playera-oberhausen\/","url":"https:\/\/tumuebleonline.com\/index.php\/product\/playera-oberhausen\/","name":"PLAYERA OBERHAUSEN - Tu Mueble Online","isPartOf":{"@id":"https:\/\/tumuebleonline.com\/#website"},"primaryImageOfPage":{"@id":"https:\/\/tumuebleonline.com\/index.php\/product\/playera-oberhausen\/#primaryimage"},"image":{"@id":"https:\/\/tumuebleonline.com\/index.php\/product\/playera-oberhausen\/#primaryimage"},"thumbnailUrl":"https:\/\/tumuebleonline.com\/wp-content\/uploads\/2023\/05\/WhatsApp-Image-2023-02-21-at-11.09.21-AM-4.jpeg","datePublished":"2023-05-16T03:46:41+00:00","dateModified":"2023-05-16T14:46:33+00:00","breadcrumb":{"@id":"https:\/\/tumuebleonline.com\/index.php\/product\/playera-oberhausen\/#breadcrumb"},"inLanguage":"es-CO","potentialAction":[{"@type":"ReadAction","target":["https:\/\/tumuebleonline.com\/index.php\/product\/playera-oberhausen\/"]}]},{"@type":"ImageObject","inLanguage":"es-CO","@id":"https:\/\/tumuebleonline.com\/index.php\/product\/playera-oberhausen\/#primaryimage","url":"https:\/\/tumuebleonline.com\/wp-content\/uploads\/2023\/05\/WhatsApp-Image-2023-02-21-at-11.09.21-AM-4.jpeg","contentUrl":"https:\/\/tumuebleonline.com\/wp-content\/uploads\/2023\/05\/WhatsApp-Image-2023-02-21-at-11.09.21-AM-4.jpeg","width":500,"height":384},{"@type":"BreadcrumbList","@id":"https:\/\/tumuebleonline.com\/index.php\/product\/playera-oberhausen\/#breadcrumb","itemListElement":[{"@type":"ListItem","position":1,"name":"Inicio","item":"https:\/\/tumuebleonline.com\/"},{"@type":"ListItem","position":2,"name":"Shop","item":"https:\/\/tumuebleonline.com\/index.php\/shop-2\/"},{"@type":"ListItem","position":3,"name":"PLAYERA OBERHAUSEN"}]},{"@type":"WebSite","@id":"https:\/\/tumuebleonline.com\/#website","url":"https:\/\/tumuebleonline.com\/","name":"Tu Mueble Online","description":"Fabricacion de muebles en rattan sintetico y fibras naturales.","publisher":{"@id":"https:\/\/tumuebleonline.com\/#organization"},"potentialAction":[{"@type":"SearchAction","target":{"@type":"EntryPoint","urlTemplate":"https:\/\/tumuebleonline.com\/?s={search_term_string}"},"query-input":"required name=search_term_string"}],"inLanguage":"es-CO"},{"@type":"Organization","@id":"https:\/\/tumuebleonline.com\/#organization","name":"Tu Mueble Online","url":"https:\/\/tumuebleonline.com\/","logo":{"@type":"ImageObject","inLanguage":"es-CO","@id":"https:\/\/tumuebleonline.com\/#\/schema\/logo\/image\/","url":"https:\/\/tumuebleonline.com\/wp-content\/uploads\/2024\/03\/logoo-pqueno.jpg","contentUrl":"https:\/\/tumuebleonline.com\/wp-content\/uploads\/2024\/03\/logoo-pqueno.jpg","width":112,"height":112,"caption":"Tu Mueble Online"},"image":{"@id":"https:\/\/tumuebleonline.com\/#\/schema\/logo\/image\/"},"sameAs":["https:\/\/www.facebook.com\/tumuebleonlineee","https:\/\/www.tiktok.com\/@tumuebleonline","https:\/\/www.instagram.com\/tumuebleonline1\/","https:\/\/wa.me\/message\/XMW4WYMC7XMHM1"]}]}},"_links":{"self":[{"href":"https:\/\/tumuebleonline.com\/index.php\/wp-json\/wp\/v2\/product\/8033","targetHints":{"allow":["GET"]}}],"collection":[{"href":"https:\/\/tumuebleonline.com\/index.php\/wp-json\/wp\/v2\/product"}],"about":[{"href":"https:\/\/tumuebleonline.com\/index.php\/wp-json\/wp\/v2\/types\/product"}],"replies":[{"embeddable":true,"href":"https:\/\/tumuebleonline.com\/index.php\/wp-json\/wp\/v2\/comments?post=8033"}],"wp:featuredmedia":[{"embeddable":true,"href":"https:\/\/tumuebleonline.com\/index.php\/wp-json\/wp\/v2\/media\/8034"}],"wp:attachment":[{"href":"https:\/\/tumuebleonline.com\/index.php\/wp-json\/wp\/v2\/media?parent=8033"}],"wp:term":[{"taxonomy":"product_cat","embeddable":true,"href":"https:\/\/tumuebleonline.com\/index.php\/wp-json\/wp\/v2\/product_cat?post=8033"},{"taxonomy":"product_tag","embeddable":true,"href":"https:\/\/tumuebleonline.com\/index.php\/wp-json\/wp\/v2\/product_tag?post=8033"}],"curies":[{"name":"wp","href":"https:\/\/api.w.org\/{rel}","templated":true}]}}