{"id":7832,"date":"2023-05-13T15:28:09","date_gmt":"2023-05-13T20:28:09","guid":{"rendered":"https:\/\/tumuebleonline.com\/?post_type=product&#038;p=7832"},"modified":"2024-11-09T17:08:02","modified_gmt":"2024-11-09T22:08:02","slug":"sala-rnido","status":"publish","type":"product","link":"https:\/\/tumuebleonline.com\/index.php\/product\/sala-rnido\/","title":{"rendered":"SALA  NIDO"},"content":{"rendered":"<h6><span style=\"color: #000000;\">Observaciones<\/span><\/h6>\n<p style=\"margin-bottom: 25px;\">La foto de este producto ha sido ambientada, por lo cual no incluye ning\u00fan adorno, ni accesorios, ni piezas adicionales ni ning\u00fan otro elemento que lo acompa\u00f1an.<\/p>\n<h5><span style=\"color: #000000;\">Recuerde el precio es de (FABRICA), este producto es <span class=\"fe5nidar khvhiq1o r5qsrrlp i5tg98hk f9ovudaz przvwfww gx1rr48f gfz4du6o r7fjleex nz2484kf svot0ezm dcnh1tix sxl192xd t3g6t33p\"><span class=\"mpj7bzys xzlurrtv\">\ud83d\udcaf<\/span><\/span><span class=\"selectable-text copyable-text\">% artesanal\u00a0 y <span class=\"fe5nidar khvhiq1o r5qsrrlp i5tg98hk f9ovudaz przvwfww gx1rr48f gfz4du6o r7fjleex nz2484kf svot0ezm dcnh1tix sxl192xd t3g6t33p\"><span class=\"mpj7bzys xzlurrtv\">\ud83d\udcaf<\/span><\/span>% nacional<\/span><\/span><\/h5>\n","protected":false},"excerpt":{"rendered":"<h1><span style=\"color: #000000;\">Sala Nido<\/span><\/h1>\n<ul>\n<li><span class=\"selectable-text copyable-text\" style=\"color: #000000;\"><strong>Estructura:\u00a0 <\/strong>Madera cedro Rojo<\/span><\/li>\n<li><span class=\"selectable-text copyable-text\" style=\"color: #000000;\"><strong>Fibra:<\/strong>\u00a0Rattan Sint\u00e9tico.<\/span><\/li>\n<li><span class=\"selectable-text copyable-text\" style=\"color: #000000;\"><strong>Cojineria :<\/strong>\u00a0Tela anti fluido tipo lona\u00a0<\/span><\/li>\n<li><span class=\"selectable-text copyable-text\" style=\"color: #000000;\"><strong>Garant\u00eda :\u00a0 \u00a0<\/strong>2 A\u00f1os<\/span><\/li>\n<li><span class=\"selectable-text copyable-text\" style=\"color: #000000;\"><strong>Durabilidad :<\/strong>\u00a0\u00a09 a 12 A\u00f1os<\/span><\/li>\n<\/ul>\n","protected":false},"featured_media":7834,"comment_status":"open","ping_status":"closed","template":"","meta":{"_joinchat":[]},"product_cat":[44,109],"product_tag":[150,152,155,151,153,154],"class_list":["post-7832","product","type-product","status-publish","has-post-thumbnail","hentry","product_cat-rattan-sintetico","product_cat-r-sala","product_tag-hogar","product_tag-jardin","product_tag-medellincolombia","product_tag-sala","product_tag-salasmodernas","product_tag-sofas"],"yoast_head":"<!-- This site is optimized with the Yoast SEO plugin v22.2 - https:\/\/yoast.com\/wordpress\/plugins\/seo\/ -->\n<title>SALA NIDO - Tu Mueble Online<\/title>\n<meta name=\"robots\" content=\"index, follow, max-snippet:-1, max-image-preview:large, max-video-preview:-1\" \/>\n<link rel=\"canonical\" href=\"https:\/\/tumuebleonline.com\/index.php\/product\/sala-rnido\/\" \/>\n<meta property=\"og:locale\" content=\"es_ES\" \/>\n<meta property=\"og:type\" content=\"article\" \/>\n<meta property=\"og:title\" content=\"SALA NIDO - Tu Mueble Online\" \/>\n<meta property=\"og:description\" content=\"Sala Nido   Estructura:\u00a0 Madera cedro Rojo  Fibra:\u00a0Rattan Sint\u00e9tico.  Cojineria :\u00a0Tela anti fluido tipo lona\u00a0  Garant\u00eda :\u00a0 \u00a02 A\u00f1os  Durabilidad :\u00a0\u00a09 a 12 A\u00f1os\" \/>\n<meta property=\"og:url\" content=\"https:\/\/tumuebleonline.com\/index.php\/product\/sala-rnido\/\" \/>\n<meta property=\"og:site_name\" content=\"Tu Mueble Online\" \/>\n<meta property=\"article:publisher\" content=\"https:\/\/www.facebook.com\/tumuebleonlineee\" \/>\n<meta property=\"article:modified_time\" content=\"2024-11-09T22:08:02+00:00\" \/>\n<meta property=\"og:image\" content=\"https:\/\/tumuebleonline.com\/wp-content\/uploads\/2023\/05\/WhatsApp-Image-2023-02-21-at-11.42.06-AM.jpeg\" \/>\n\t<meta property=\"og:image:width\" content=\"925\" \/>\n\t<meta property=\"og:image:height\" content=\"714\" \/>\n\t<meta property=\"og:image:type\" content=\"image\/jpeg\" \/>\n<meta name=\"twitter:card\" content=\"summary_large_image\" \/>\n<script type=\"application\/ld+json\" class=\"yoast-schema-graph\">{\"@context\":\"https:\/\/schema.org\",\"@graph\":[{\"@type\":\"WebPage\",\"@id\":\"https:\/\/tumuebleonline.com\/index.php\/product\/sala-rnido\/\",\"url\":\"https:\/\/tumuebleonline.com\/index.php\/product\/sala-rnido\/\",\"name\":\"SALA NIDO - Tu Mueble Online\",\"isPartOf\":{\"@id\":\"https:\/\/tumuebleonline.com\/#website\"},\"primaryImageOfPage\":{\"@id\":\"https:\/\/tumuebleonline.com\/index.php\/product\/sala-rnido\/#primaryimage\"},\"image\":{\"@id\":\"https:\/\/tumuebleonline.com\/index.php\/product\/sala-rnido\/#primaryimage\"},\"thumbnailUrl\":\"https:\/\/tumuebleonline.com\/wp-content\/uploads\/2023\/05\/WhatsApp-Image-2023-02-21-at-11.42.06-AM.jpeg\",\"datePublished\":\"2023-05-13T20:28:09+00:00\",\"dateModified\":\"2024-11-09T22:08:02+00:00\",\"breadcrumb\":{\"@id\":\"https:\/\/tumuebleonline.com\/index.php\/product\/sala-rnido\/#breadcrumb\"},\"inLanguage\":\"es-CO\",\"potentialAction\":[{\"@type\":\"ReadAction\",\"target\":[\"https:\/\/tumuebleonline.com\/index.php\/product\/sala-rnido\/\"]}]},{\"@type\":\"ImageObject\",\"inLanguage\":\"es-CO\",\"@id\":\"https:\/\/tumuebleonline.com\/index.php\/product\/sala-rnido\/#primaryimage\",\"url\":\"https:\/\/tumuebleonline.com\/wp-content\/uploads\/2023\/05\/WhatsApp-Image-2023-02-21-at-11.42.06-AM.jpeg\",\"contentUrl\":\"https:\/\/tumuebleonline.com\/wp-content\/uploads\/2023\/05\/WhatsApp-Image-2023-02-21-at-11.42.06-AM.jpeg\",\"width\":925,\"height\":714},{\"@type\":\"BreadcrumbList\",\"@id\":\"https:\/\/tumuebleonline.com\/index.php\/product\/sala-rnido\/#breadcrumb\",\"itemListElement\":[{\"@type\":\"ListItem\",\"position\":1,\"name\":\"Inicio\",\"item\":\"https:\/\/tumuebleonline.com\/\"},{\"@type\":\"ListItem\",\"position\":2,\"name\":\"Shop\",\"item\":\"https:\/\/tumuebleonline.com\/index.php\/shop-2\/\"},{\"@type\":\"ListItem\",\"position\":3,\"name\":\"SALA NIDO\"}]},{\"@type\":\"WebSite\",\"@id\":\"https:\/\/tumuebleonline.com\/#website\",\"url\":\"https:\/\/tumuebleonline.com\/\",\"name\":\"Tu Mueble Online\",\"description\":\"Fabricacion de muebles en rattan sintetico y fibras naturales.\",\"publisher\":{\"@id\":\"https:\/\/tumuebleonline.com\/#organization\"},\"potentialAction\":[{\"@type\":\"SearchAction\",\"target\":{\"@type\":\"EntryPoint\",\"urlTemplate\":\"https:\/\/tumuebleonline.com\/?s={search_term_string}\"},\"query-input\":\"required name=search_term_string\"}],\"inLanguage\":\"es-CO\"},{\"@type\":\"Organization\",\"@id\":\"https:\/\/tumuebleonline.com\/#organization\",\"name\":\"Tu Mueble Online\",\"url\":\"https:\/\/tumuebleonline.com\/\",\"logo\":{\"@type\":\"ImageObject\",\"inLanguage\":\"es-CO\",\"@id\":\"https:\/\/tumuebleonline.com\/#\/schema\/logo\/image\/\",\"url\":\"https:\/\/tumuebleonline.com\/wp-content\/uploads\/2024\/03\/logoo-pqueno.jpg\",\"contentUrl\":\"https:\/\/tumuebleonline.com\/wp-content\/uploads\/2024\/03\/logoo-pqueno.jpg\",\"width\":112,\"height\":112,\"caption\":\"Tu Mueble Online\"},\"image\":{\"@id\":\"https:\/\/tumuebleonline.com\/#\/schema\/logo\/image\/\"},\"sameAs\":[\"https:\/\/www.facebook.com\/tumuebleonlineee\",\"https:\/\/www.tiktok.com\/@tumuebleonline\",\"https:\/\/www.instagram.com\/tumuebleonline1\/\",\"https:\/\/wa.me\/message\/XMW4WYMC7XMHM1\"]}]}<\/script>\n<!-- \/ Yoast SEO plugin. -->","yoast_head_json":{"title":"SALA NIDO - Tu Mueble Online","robots":{"index":"index","follow":"follow","max-snippet":"max-snippet:-1","max-image-preview":"max-image-preview:large","max-video-preview":"max-video-preview:-1"},"canonical":"https:\/\/tumuebleonline.com\/index.php\/product\/sala-rnido\/","og_locale":"es_ES","og_type":"article","og_title":"SALA NIDO - Tu Mueble Online","og_description":"Sala Nido   Estructura:\u00a0 Madera cedro Rojo  Fibra:\u00a0Rattan Sint\u00e9tico.  Cojineria :\u00a0Tela anti fluido tipo lona\u00a0  Garant\u00eda :\u00a0 \u00a02 A\u00f1os  Durabilidad :\u00a0\u00a09 a 12 A\u00f1os","og_url":"https:\/\/tumuebleonline.com\/index.php\/product\/sala-rnido\/","og_site_name":"Tu Mueble Online","article_publisher":"https:\/\/www.facebook.com\/tumuebleonlineee","article_modified_time":"2024-11-09T22:08:02+00:00","og_image":[{"width":925,"height":714,"url":"https:\/\/tumuebleonline.com\/wp-content\/uploads\/2023\/05\/WhatsApp-Image-2023-02-21-at-11.42.06-AM.jpeg","type":"image\/jpeg"}],"twitter_card":"summary_large_image","schema":{"@context":"https:\/\/schema.org","@graph":[{"@type":"WebPage","@id":"https:\/\/tumuebleonline.com\/index.php\/product\/sala-rnido\/","url":"https:\/\/tumuebleonline.com\/index.php\/product\/sala-rnido\/","name":"SALA NIDO - Tu Mueble Online","isPartOf":{"@id":"https:\/\/tumuebleonline.com\/#website"},"primaryImageOfPage":{"@id":"https:\/\/tumuebleonline.com\/index.php\/product\/sala-rnido\/#primaryimage"},"image":{"@id":"https:\/\/tumuebleonline.com\/index.php\/product\/sala-rnido\/#primaryimage"},"thumbnailUrl":"https:\/\/tumuebleonline.com\/wp-content\/uploads\/2023\/05\/WhatsApp-Image-2023-02-21-at-11.42.06-AM.jpeg","datePublished":"2023-05-13T20:28:09+00:00","dateModified":"2024-11-09T22:08:02+00:00","breadcrumb":{"@id":"https:\/\/tumuebleonline.com\/index.php\/product\/sala-rnido\/#breadcrumb"},"inLanguage":"es-CO","potentialAction":[{"@type":"ReadAction","target":["https:\/\/tumuebleonline.com\/index.php\/product\/sala-rnido\/"]}]},{"@type":"ImageObject","inLanguage":"es-CO","@id":"https:\/\/tumuebleonline.com\/index.php\/product\/sala-rnido\/#primaryimage","url":"https:\/\/tumuebleonline.com\/wp-content\/uploads\/2023\/05\/WhatsApp-Image-2023-02-21-at-11.42.06-AM.jpeg","contentUrl":"https:\/\/tumuebleonline.com\/wp-content\/uploads\/2023\/05\/WhatsApp-Image-2023-02-21-at-11.42.06-AM.jpeg","width":925,"height":714},{"@type":"BreadcrumbList","@id":"https:\/\/tumuebleonline.com\/index.php\/product\/sala-rnido\/#breadcrumb","itemListElement":[{"@type":"ListItem","position":1,"name":"Inicio","item":"https:\/\/tumuebleonline.com\/"},{"@type":"ListItem","position":2,"name":"Shop","item":"https:\/\/tumuebleonline.com\/index.php\/shop-2\/"},{"@type":"ListItem","position":3,"name":"SALA NIDO"}]},{"@type":"WebSite","@id":"https:\/\/tumuebleonline.com\/#website","url":"https:\/\/tumuebleonline.com\/","name":"Tu Mueble Online","description":"Fabricacion de muebles en rattan sintetico y fibras naturales.","publisher":{"@id":"https:\/\/tumuebleonline.com\/#organization"},"potentialAction":[{"@type":"SearchAction","target":{"@type":"EntryPoint","urlTemplate":"https:\/\/tumuebleonline.com\/?s={search_term_string}"},"query-input":"required name=search_term_string"}],"inLanguage":"es-CO"},{"@type":"Organization","@id":"https:\/\/tumuebleonline.com\/#organization","name":"Tu Mueble Online","url":"https:\/\/tumuebleonline.com\/","logo":{"@type":"ImageObject","inLanguage":"es-CO","@id":"https:\/\/tumuebleonline.com\/#\/schema\/logo\/image\/","url":"https:\/\/tumuebleonline.com\/wp-content\/uploads\/2024\/03\/logoo-pqueno.jpg","contentUrl":"https:\/\/tumuebleonline.com\/wp-content\/uploads\/2024\/03\/logoo-pqueno.jpg","width":112,"height":112,"caption":"Tu Mueble Online"},"image":{"@id":"https:\/\/tumuebleonline.com\/#\/schema\/logo\/image\/"},"sameAs":["https:\/\/www.facebook.com\/tumuebleonlineee","https:\/\/www.tiktok.com\/@tumuebleonline","https:\/\/www.instagram.com\/tumuebleonline1\/","https:\/\/wa.me\/message\/XMW4WYMC7XMHM1"]}]}},"_links":{"self":[{"href":"https:\/\/tumuebleonline.com\/index.php\/wp-json\/wp\/v2\/product\/7832","targetHints":{"allow":["GET"]}}],"collection":[{"href":"https:\/\/tumuebleonline.com\/index.php\/wp-json\/wp\/v2\/product"}],"about":[{"href":"https:\/\/tumuebleonline.com\/index.php\/wp-json\/wp\/v2\/types\/product"}],"replies":[{"embeddable":true,"href":"https:\/\/tumuebleonline.com\/index.php\/wp-json\/wp\/v2\/comments?post=7832"}],"wp:featuredmedia":[{"embeddable":true,"href":"https:\/\/tumuebleonline.com\/index.php\/wp-json\/wp\/v2\/media\/7834"}],"wp:attachment":[{"href":"https:\/\/tumuebleonline.com\/index.php\/wp-json\/wp\/v2\/media?parent=7832"}],"wp:term":[{"taxonomy":"product_cat","embeddable":true,"href":"https:\/\/tumuebleonline.com\/index.php\/wp-json\/wp\/v2\/product_cat?post=7832"},{"taxonomy":"product_tag","embeddable":true,"href":"https:\/\/tumuebleonline.com\/index.php\/wp-json\/wp\/v2\/product_tag?post=7832"}],"curies":[{"name":"wp","href":"https:\/\/api.w.org\/{rel}","templated":true}]}}