{"id":4182,"date":"2015-06-20T16:11:19","date_gmt":"2015-06-20T21:11:19","guid":{"rendered":"https:\/\/tumuebleonline.com\/?page_id=4182"},"modified":"2023-05-18T16:45:12","modified_gmt":"2023-05-18T21:45:12","slug":"about-us","status":"publish","type":"page","link":"https:\/\/tumuebleonline.com\/index.php\/about-us\/","title":{"rendered":"Quienes Somos"},"content":{"rendered":"<section class=\"wpb-content-wrapper\"><p>[vc_row][vc_column width=&#8221;1\/2&#8243; css=&#8221;.vc_custom_1479046050772{padding-top: 60px !important;padding-bottom: 40px !important;}&#8221;][vc_column_text]<\/p>\n<h4><span style=\"color: #000000;\">QUIENES SOMOAS ?<\/span><\/h4>\n<blockquote><p>Tu Mueble Ideal se dedica a\u00a0 la Frabricacion de muebles artesanales en fibras naturales y sinteticas, con el fin de brindar a todo el mercado muebles para cualquier parte del hogar, adquiriendo materias primas de alta calidad y una mano de obra especializada en el tema, ofreciendo as\u00ed dise\u00f1os exclusivos de excelente calidad en un corto tiempo, con un envi\u00f3 asequible para todas las personas a nivel nacional.<\/p><\/blockquote>\n<p>[\/vc_column_text]<div class=\"ts-button-wrapper\"><div class=\"ts-shortcode-custom-style hidden\">.ts-button-wrapper a.ts-button-1{background:#ffffff;border-color:#cccccc;border-width:1px ;color:#000000;}.ts-button-wrapper a.ts-button-1:hover{background:#000000;border-color:#000000;color:#ffffff;}<\/div><a href=\"#\" target=\"_blank\" class=\"ts-button ts-button-1 medium  \">CONTACTANOS AHORA<\/a><\/div>[\/vc_column][vc_column width=&#8221;1\/2&#8243; css=&#8221;.vc_custom_1435218298098{margin-bottom: 30px !important;}&#8221;][vc_single_image image=&#8221;8187&#8243; img_size=&#8221;full&#8221;][\/vc_column][\/vc_row][vc_row][vc_column width=&#8221;1\/2&#8243; css=&#8221;.vc_custom_1494128273998{margin-bottom: 30px !important;}&#8221;][vc_column_text css=&#8221;.vc_custom_1684446092400{margin-bottom: 25px !important;}&#8221;]<\/p>\n<h4><span style=\"color: #000000;\">\u00a0MISI\u00d3N<\/span><\/h4>\n<p>La misi\u00f3n de tu mueble ideal es la fabricaci\u00f3n de muebles artesanales en fibras naturales y sint\u00e9ticas, con el fin de brindar a todo el mercado muebles para cualquier parte del hogar, adquiriendo materias primas de alta calidad y una mano de obra especializada en el tema, ofreciendo as\u00ed dise\u00f1os exclusivos de excelente calidad en un corto tiempo, con un envi\u00f3 asequible para todas las personas a nivel nacional.[\/vc_column_text][\/vc_column][vc_column width=&#8221;1\/2&#8243;][vc_column_text css=&#8221;.vc_custom_1684446196865{margin-bottom: 44px !important;}&#8221;]<\/p>\n<h4><span style=\"color: #000000;\">VISI\u00d3N<\/span><\/h4>\n<p>Llegar a ser en 2025 una de las empresas mas grandes en la fabricaci\u00f3n de muebles de interior y exterior a nivel nacional, expandi\u00e9ndonos en el mercado colombiano para mejorar los dise\u00f1os del hogar de nuestros clientes, gracias al crecimiento de los puntos de ventas y el aumento de la capacidad de producci\u00f3n[\/vc_column_text][\/vc_column][\/vc_row][vc_row full_width=&#8221;stretch_row&#8221; bg_type=&#8221;image&#8221; bg_image_new=&#8221;6526&#8243; css=&#8221;.vc_custom_1494128297504{margin-bottom: 80px !important;padding-top: 50px !important;padding-bottom: 45px !important;}&#8221;][vc_column][vc_column_text]<\/p>\n<h5 class=\"heading-title\" style=\"text-align: center; margin: 0 0 -20px 0;\"><span style=\"color: #ffffff;\">WHAT THEY SAID<\/span><\/h5>\n<p>[\/vc_column_text]\t\t<div class=\"ts-testimonial-wrapper text-light  show-dots ts-slider loading\" \n\t\t\tdata-nav=\"0\" data-dots=\"1\" data-autoplay=\"1\">\n\t\t\t\t\t<div class=\"item has-image\">\n\t\t\t\t<div class=\"testimonial-content\">\n\t\t\t\t\t\t\t\t\t\t<div class=\"image\">\n\t\t\t\t\t\t<img decoding=\"async\" width=\"100\" height=\"100\" src=\"https:\/\/tumuebleonline.com\/wp-content\/uploads\/2015\/01\/testimonial-1.jpg\" class=\"attachment-100x100 size-100x100 wp-post-image\" alt=\"\" \/>\t\t\t\t\t<\/div>\n\t\t\t\t\t\t\t\t\t\t\n\t\t\t\t\t\t\t\t\t\t<div class=\"rating\" title=\"Rated 5 out of 5\">\n\t\t\t\t\t\t<span style=\"width: 100%\">Rated 5 out of 5<\/span>\n\t\t\t\t\t<\/div>\n\t\t\t\t\t\t\t\t\t\t\n\t\t\t\t\t<div class=\"content\">\n\t\t\t\t\t\tLorem ipsum dolor sit amet, consectetuer adipiscing elit, sed diam nonummy nibh euismod tincidunt ut laoreet dolore magna aliquam erat volutpat.\u00a0Ut wisi enim ad minim veniam, quis nostrud exerci tation ullamcorper suscipit lobortis nisl ut aliquip ex ea commodo consequat. Duis autem vel eum iriure dolor in hendrerit in vulputate\t\t\t\t\t<\/div>\n\t\t\t\t\t\n\t\t\t\t\t<h4 class=\"name\">\n\t\t\t\t\t\t<a href=\"http:\/\/theme-sky.com\" target=\"_blank\">\n\t\t\t\t\t\t\tMiss. Bonni\t\t\t\t\t\t<\/a>\n\t\t\t\t\t<\/h4>\n\t\t\t\t\t\n\t\t\t\t\t\t\t\t\t\t<div class=\"byline\">\n\t\t\t\t\t\tCEO - Themesky\t\t\t\t\t<\/div>\n\t\t\t\t\t\t\t\t\t\t\n\t\t\t\t<\/div>\n\t\t\t<\/div>\n\t\t\t\t\t\t<div class=\"item has-image\">\n\t\t\t\t<div class=\"testimonial-content\">\n\t\t\t\t\t\t\t\t\t\t<div class=\"image\">\n\t\t\t\t\t\t<img decoding=\"async\" width=\"100\" height=\"100\" src=\"https:\/\/tumuebleonline.com\/wp-content\/uploads\/2015\/01\/testimonial-2.jpg\" class=\"attachment-100x100 size-100x100 wp-post-image\" alt=\"\" \/>\t\t\t\t\t<\/div>\n\t\t\t\t\t\t\t\t\t\t\n\t\t\t\t\t\t\t\t\t\t<div class=\"rating\" title=\"Rated 4.5 out of 5\">\n\t\t\t\t\t\t<span style=\"width: 90%\">Rated 4.5 out of 5<\/span>\n\t\t\t\t\t<\/div>\n\t\t\t\t\t\t\t\t\t\t\n\t\t\t\t\t<div class=\"content\">\n\t\t\t\t\t\tLorem ipsum dolor sit amet, consectetuer adipiscing elit, sed diam nonummy nibh euismod tincidunt ut laoreet dolore magna aliquam erat volutpat. Ut wisi enim ad minim veniam, quis nostrud exerci tation ullamcorper suscipit lobortis nisl ut aliquip ex ea commodo consequat. Duis autem vel eum iriure dolor in hendrerit in\t\t\t\t\t<\/div>\n\t\t\t\t\t\n\t\t\t\t\t<h4 class=\"name\">\n\t\t\t\t\t\t<a href=\"http:\/\/theme-sky.com\" target=\"_blank\">\n\t\t\t\t\t\t\tMr. Ken\t\t\t\t\t\t<\/a>\n\t\t\t\t\t<\/h4>\n\t\t\t\t\t\n\t\t\t\t\t\t\t\t\t\t<div class=\"byline\">\n\t\t\t\t\t\tCEO - Themesky\t\t\t\t\t<\/div>\n\t\t\t\t\t\t\t\t\t\t\n\t\t\t\t<\/div>\n\t\t\t<\/div>\n\t\t\t\t\t\t<div class=\"item has-image\">\n\t\t\t\t<div class=\"testimonial-content\">\n\t\t\t\t\t\t\t\t\t\t<div class=\"image\">\n\t\t\t\t\t\t<img decoding=\"async\" width=\"100\" height=\"100\" src=\"https:\/\/tumuebleonline.com\/wp-content\/uploads\/2015\/01\/testimonial-3.jpg\" class=\"attachment-100x100 size-100x100 wp-post-image\" alt=\"\" \/>\t\t\t\t\t<\/div>\n\t\t\t\t\t\t\t\t\t\t\n\t\t\t\t\t\t\t\t\t\t<div class=\"rating\" title=\"Rated 5 out of 5\">\n\t\t\t\t\t\t<span style=\"width: 100%\">Rated 5 out of 5<\/span>\n\t\t\t\t\t<\/div>\n\t\t\t\t\t\t\t\t\t\t\n\t\t\t\t\t<div class=\"content\">\n\t\t\t\t\t\tLorem ipsum dolor sit amet, consectetuer adipiscing elit, sed diam nonummy nibh euismod tincidunt ut laoreet dolore magna aliquam erat volutpat. Ut wisi enim ad minim veniam, quis nostrud exerci tation ullamcorper suscipit lobortis nisl ut aliquip ex ea commodo consequat. Duis autem vel eum iriure dolor in hendrerit in\t\t\t\t\t<\/div>\n\t\t\t\t\t\n\t\t\t\t\t<h4 class=\"name\">\n\t\t\t\t\t\t<a href=\"http:\/\/theme-sky.com\" target=\"_blank\">\n\t\t\t\t\t\t\tMrs.Jane\t\t\t\t\t\t<\/a>\n\t\t\t\t\t<\/h4>\n\t\t\t\t\t\n\t\t\t\t\t\t\t\t\t\t<div class=\"byline\">\n\t\t\t\t\t\tCEO - Themesky\t\t\t\t\t<\/div>\n\t\t\t\t\t\t\t\t\t\t\n\t\t\t\t<\/div>\n\t\t\t<\/div>\n\t\t\t\t\t<\/div>\n\t\t[\/vc_column][\/vc_row][vc_row full_width=&#8221;stretch_row&#8221; css=&#8221;.vc_custom_1479046650884{margin-bottom: 0px !important;}&#8221;][vc_column][vc_column_text]<\/p>\n<h3 style=\"text-align: center;\">CONOZCA A NUESTRO EQUIPO<\/h3>\n<p>[\/vc_column_text][\/vc_column][\/vc_row][vc_row full_width=&#8221;stretch_row&#8221; css=&#8221;.vc_custom_1479046658772{margin-bottom: 50px !important;}&#8221;][vc_column width=&#8221;1\/3&#8243;]\t\t\t<div class=\"ts-team-member\">\n\t\t\t\t<div class=\"content-thumbnail\">\n\t\t\t\t\t\t\t\t\t\t\t<div class=\"image-thumbnail\">\n\t\t\t\t\t\t\t<figure>\n\t\t\t\t\t\t\t<img loading=\"lazy\" decoding=\"async\" width=\"380\" height=\"286\" src=\"https:\/\/tumuebleonline.com\/wp-content\/uploads\/2015\/06\/team-member-5.jpg\" class=\"attachment-ts_team_thumb size-ts_team_thumb wp-post-image\" alt=\"\" srcset=\"https:\/\/tumuebleonline.com\/wp-content\/uploads\/2015\/06\/team-member-5.jpg 380w, https:\/\/tumuebleonline.com\/wp-content\/uploads\/2015\/06\/team-member-5-300x226.jpg 300w\" sizes=\"(max-width: 380px) 100vw, 380px\" \/>\t\t\t\t\t\t\t<\/figure>\n\t\t\t\t\t\t<\/div>\n\t\t\t\t\t\t\t\t\t\t<div class=\"member-social\"><a class=\"facebook\" href=\"#\" target=\"_blank\"><i class=\"fa fa-facebook\"><\/i><\/a><a class=\"twitter\" href=\"#\" target=\"_blank\"><i class=\"fa fa-twitter\"><\/i><\/a><a class=\"pinterest\" href=\"#\" target=\"_blank\"><i class=\"fa fa-pinterest-p\"><\/i><\/a><a class=\"instagram\" href=\"#\" target=\"_blank\"><i class=\"fa fa-instagram\"><\/i><\/a><\/div>\n\t\t\t\t<\/div>\n\t\t\t\t<header>\n\t\t\t\t\t<div class=\"member-name\"><h3><a class=\"name\" href=\"#\" target=\"_blank\">Mr. Stormit<\/a><\/h3><\/div>\n\t\t\t\t\t<div class=\"member-role\">CEO of theme-sky<\/div>\n\t\t\t\t\t<div class=\"member-excerpt\">Our grantees and partners generosity truth, prevention nutrition involvement Ford Foundation. Enabler agenda results global leaders.<\/div>\n\t\t\t\t<\/header>\n\t\t\t<\/div>\n\t\t\t[\/vc_column][vc_column width=&#8221;1\/3&#8243;]\t\t\t<div class=\"ts-team-member\">\n\t\t\t\t<div class=\"content-thumbnail\">\n\t\t\t\t\t\t\t\t\t\t\t<div class=\"image-thumbnail\">\n\t\t\t\t\t\t\t<figure>\n\t\t\t\t\t\t\t<img loading=\"lazy\" decoding=\"async\" width=\"380\" height=\"286\" src=\"https:\/\/tumuebleonline.com\/wp-content\/uploads\/2015\/06\/team-member-3.jpg\" class=\"attachment-ts_team_thumb size-ts_team_thumb wp-post-image\" alt=\"\" srcset=\"https:\/\/tumuebleonline.com\/wp-content\/uploads\/2015\/06\/team-member-3.jpg 380w, https:\/\/tumuebleonline.com\/wp-content\/uploads\/2015\/06\/team-member-3-300x226.jpg 300w\" sizes=\"(max-width: 380px) 100vw, 380px\" \/>\t\t\t\t\t\t\t<\/figure>\n\t\t\t\t\t\t<\/div>\n\t\t\t\t\t\t\t\t\t\t<div class=\"member-social\"><a class=\"facebook\" href=\"#\" target=\"_blank\"><i class=\"fa fa-facebook\"><\/i><\/a><a class=\"twitter\" href=\"#\" target=\"_blank\"><i class=\"fa fa-twitter\"><\/i><\/a><a class=\"pinterest\" href=\"#\" target=\"_blank\"><i class=\"fa fa-pinterest-p\"><\/i><\/a><a class=\"instagram\" href=\"#\" target=\"_blank\"><i class=\"fa fa-instagram\"><\/i><\/a><\/div>\n\t\t\t\t<\/div>\n\t\t\t\t<header>\n\t\t\t\t\t<div class=\"member-name\"><h3><a class=\"name\" href=\"#\" target=\"_blank\">Mr. King<\/a><\/h3><\/div>\n\t\t\t\t\t<div class=\"member-role\">Developer<\/div>\n\t\t\t\t\t<div class=\"member-excerpt\">Our grantees and partners generosity truth, prevention nutrition involvement Ford Foundation. Enabler agenda results global leaders.<\/div>\n\t\t\t\t<\/header>\n\t\t\t<\/div>\n\t\t\t[\/vc_column][vc_column width=&#8221;1\/3&#8243;]\t\t\t<div class=\"ts-team-member\">\n\t\t\t\t<div class=\"content-thumbnail\">\n\t\t\t\t\t\t\t\t\t\t\t<div class=\"image-thumbnail\">\n\t\t\t\t\t\t\t<figure>\n\t\t\t\t\t\t\t<img loading=\"lazy\" decoding=\"async\" width=\"380\" height=\"286\" src=\"https:\/\/tumuebleonline.com\/wp-content\/uploads\/2015\/06\/team-member-6.jpg\" class=\"attachment-ts_team_thumb size-ts_team_thumb wp-post-image\" alt=\"\" srcset=\"https:\/\/tumuebleonline.com\/wp-content\/uploads\/2015\/06\/team-member-6.jpg 380w, https:\/\/tumuebleonline.com\/wp-content\/uploads\/2015\/06\/team-member-6-300x226.jpg 300w\" sizes=\"(max-width: 380px) 100vw, 380px\" \/>\t\t\t\t\t\t\t<\/figure>\n\t\t\t\t\t\t<\/div>\n\t\t\t\t\t\t\t\t\t\t<div class=\"member-social\"><a class=\"facebook\" href=\"#\" target=\"_blank\"><i class=\"fa fa-facebook\"><\/i><\/a><a class=\"twitter\" href=\"#\" target=\"_blank\"><i class=\"fa fa-twitter\"><\/i><\/a><a class=\"rss\" href=\"#\" target=\"_blank\"><i class=\"fa fa-rss\"><\/i><\/a><a class=\"dribbble\" href=\"#\" target=\"_blank\"><i class=\"fa fa-dribbble\"><\/i><\/a><\/div>\n\t\t\t\t<\/div>\n\t\t\t\t<header>\n\t\t\t\t\t<div class=\"member-name\"><h3><a class=\"name\" href=\"#\" target=\"_blank\">Ms. Jenny<\/a><\/h3><\/div>\n\t\t\t\t\t<div class=\"member-role\">Developer<\/div>\n\t\t\t\t\t<div class=\"member-excerpt\">Our grantees and partners generosity truth, prevention nutrition involvement Ford Foundation. Enabler agenda results global leaders.<\/div>\n\t\t\t\t<\/header>\n\t\t\t<\/div>\n\t\t\t[\/vc_column][\/vc_row]<\/p>\n<\/section>","protected":false},"excerpt":{"rendered":"<p>[vc_row][vc_column width=&#8221;1\/2&#8243; css=&#8221;.vc_custom_1479046050772{padding-top: 60px !important;padding-bottom: 40px !important;}&#8221;][vc_column_text] QUIENES SOMOAS ? Tu Mueble Ideal se dedica a\u00a0 la Frabricacion de muebles artesanales en fibras naturales y sinteticas, con el fin de brindar a todo el mercado muebles para cualquier parte del hogar, adquiriendo materias primas de alta calidad y una mano de obra especializada en el [&hellip;]<\/p>\n","protected":false},"author":2,"featured_media":0,"parent":0,"menu_order":0,"comment_status":"closed","ping_status":"closed","template":"","meta":{"_joinchat":[],"footnotes":""},"class_list":["post-4182","page","type-page","status-publish","hentry"],"yoast_head":"<!-- This site is optimized with the Yoast SEO plugin v22.2 - https:\/\/yoast.com\/wordpress\/plugins\/seo\/ -->\n<title>Quienes Somos - Tu Mueble Online<\/title>\n<meta name=\"robots\" content=\"index, follow, max-snippet:-1, max-image-preview:large, max-video-preview:-1\" \/>\n<link rel=\"canonical\" href=\"https:\/\/tumuebleonline.com\/index.php\/about-us\/\" \/>\n<meta property=\"og:locale\" content=\"es_ES\" \/>\n<meta property=\"og:type\" content=\"article\" \/>\n<meta property=\"og:title\" content=\"Quienes Somos - Tu Mueble Online\" \/>\n<meta property=\"og:description\" content=\"[vc_row][vc_column width=&#8221;1\/2&#8243; css=&#8221;.vc_custom_1479046050772{padding-top: 60px !important;padding-bottom: 40px !important;}&#8221;][vc_column_text] QUIENES SOMOAS ? Tu Mueble Ideal se dedica a\u00a0 la Frabricacion de muebles artesanales en fibras naturales y sinteticas, con el fin de brindar a todo el mercado muebles para cualquier parte del hogar, adquiriendo materias primas de alta calidad y una mano de obra especializada en el [&hellip;]\" \/>\n<meta property=\"og:url\" content=\"https:\/\/tumuebleonline.com\/index.php\/about-us\/\" \/>\n<meta property=\"og:site_name\" content=\"Tu Mueble Online\" \/>\n<meta property=\"article:publisher\" content=\"https:\/\/www.facebook.com\/tumuebleonlineee\" \/>\n<meta property=\"article:modified_time\" content=\"2023-05-18T21:45:12+00:00\" \/>\n<meta property=\"og:image\" content=\"https:\/\/tumuebleonline.com\/wp-content\/uploads\/2024\/03\/png.png\" \/>\n\t<meta property=\"og:image:width\" content=\"640\" \/>\n\t<meta property=\"og:image:height\" content=\"640\" \/>\n\t<meta property=\"og:image:type\" content=\"image\/png\" \/>\n<meta name=\"twitter:card\" content=\"summary_large_image\" \/>\n<meta name=\"twitter:label1\" content=\"Tiempo estimado de lectura\" \/>\n\t<meta name=\"twitter:data1\" content=\"2 minutos\" \/>\n<script type=\"application\/ld+json\" class=\"yoast-schema-graph\">{\"@context\":\"https:\/\/schema.org\",\"@graph\":[{\"@type\":\"WebPage\",\"@id\":\"https:\/\/tumuebleonline.com\/index.php\/about-us\/\",\"url\":\"https:\/\/tumuebleonline.com\/index.php\/about-us\/\",\"name\":\"Quienes Somos - Tu Mueble Online\",\"isPartOf\":{\"@id\":\"https:\/\/tumuebleonline.com\/#website\"},\"datePublished\":\"2015-06-20T21:11:19+00:00\",\"dateModified\":\"2023-05-18T21:45:12+00:00\",\"breadcrumb\":{\"@id\":\"https:\/\/tumuebleonline.com\/index.php\/about-us\/#breadcrumb\"},\"inLanguage\":\"es-CO\",\"potentialAction\":[{\"@type\":\"ReadAction\",\"target\":[\"https:\/\/tumuebleonline.com\/index.php\/about-us\/\"]}]},{\"@type\":\"BreadcrumbList\",\"@id\":\"https:\/\/tumuebleonline.com\/index.php\/about-us\/#breadcrumb\",\"itemListElement\":[{\"@type\":\"ListItem\",\"position\":1,\"name\":\"Inicio\",\"item\":\"https:\/\/tumuebleonline.com\/\"},{\"@type\":\"ListItem\",\"position\":2,\"name\":\"Quienes Somos\"}]},{\"@type\":\"WebSite\",\"@id\":\"https:\/\/tumuebleonline.com\/#website\",\"url\":\"https:\/\/tumuebleonline.com\/\",\"name\":\"Tu Mueble Online\",\"description\":\"Fabricacion de muebles en rattan sintetico y fibras naturales.\",\"publisher\":{\"@id\":\"https:\/\/tumuebleonline.com\/#organization\"},\"potentialAction\":[{\"@type\":\"SearchAction\",\"target\":{\"@type\":\"EntryPoint\",\"urlTemplate\":\"https:\/\/tumuebleonline.com\/?s={search_term_string}\"},\"query-input\":\"required name=search_term_string\"}],\"inLanguage\":\"es-CO\"},{\"@type\":\"Organization\",\"@id\":\"https:\/\/tumuebleonline.com\/#organization\",\"name\":\"Tu Mueble Online\",\"url\":\"https:\/\/tumuebleonline.com\/\",\"logo\":{\"@type\":\"ImageObject\",\"inLanguage\":\"es-CO\",\"@id\":\"https:\/\/tumuebleonline.com\/#\/schema\/logo\/image\/\",\"url\":\"https:\/\/tumuebleonline.com\/wp-content\/uploads\/2024\/03\/logoo-pqueno.jpg\",\"contentUrl\":\"https:\/\/tumuebleonline.com\/wp-content\/uploads\/2024\/03\/logoo-pqueno.jpg\",\"width\":112,\"height\":112,\"caption\":\"Tu Mueble Online\"},\"image\":{\"@id\":\"https:\/\/tumuebleonline.com\/#\/schema\/logo\/image\/\"},\"sameAs\":[\"https:\/\/www.facebook.com\/tumuebleonlineee\",\"https:\/\/www.tiktok.com\/@tumuebleonline\",\"https:\/\/www.instagram.com\/tumuebleonline1\/\",\"https:\/\/wa.me\/message\/XMW4WYMC7XMHM1\"]}]}<\/script>\n<!-- \/ Yoast SEO plugin. -->","yoast_head_json":{"title":"Quienes Somos - Tu Mueble Online","robots":{"index":"index","follow":"follow","max-snippet":"max-snippet:-1","max-image-preview":"max-image-preview:large","max-video-preview":"max-video-preview:-1"},"canonical":"https:\/\/tumuebleonline.com\/index.php\/about-us\/","og_locale":"es_ES","og_type":"article","og_title":"Quienes Somos - Tu Mueble Online","og_description":"[vc_row][vc_column width=&#8221;1\/2&#8243; css=&#8221;.vc_custom_1479046050772{padding-top: 60px !important;padding-bottom: 40px !important;}&#8221;][vc_column_text] QUIENES SOMOAS ? Tu Mueble Ideal se dedica a\u00a0 la Frabricacion de muebles artesanales en fibras naturales y sinteticas, con el fin de brindar a todo el mercado muebles para cualquier parte del hogar, adquiriendo materias primas de alta calidad y una mano de obra especializada en el [&hellip;]","og_url":"https:\/\/tumuebleonline.com\/index.php\/about-us\/","og_site_name":"Tu Mueble Online","article_publisher":"https:\/\/www.facebook.com\/tumuebleonlineee","article_modified_time":"2023-05-18T21:45:12+00:00","og_image":[{"width":640,"height":640,"url":"https:\/\/tumuebleonline.com\/wp-content\/uploads\/2024\/03\/png.png","type":"image\/png"}],"twitter_card":"summary_large_image","twitter_misc":{"Tiempo estimado de lectura":"2 minutos"},"schema":{"@context":"https:\/\/schema.org","@graph":[{"@type":"WebPage","@id":"https:\/\/tumuebleonline.com\/index.php\/about-us\/","url":"https:\/\/tumuebleonline.com\/index.php\/about-us\/","name":"Quienes Somos - Tu Mueble Online","isPartOf":{"@id":"https:\/\/tumuebleonline.com\/#website"},"datePublished":"2015-06-20T21:11:19+00:00","dateModified":"2023-05-18T21:45:12+00:00","breadcrumb":{"@id":"https:\/\/tumuebleonline.com\/index.php\/about-us\/#breadcrumb"},"inLanguage":"es-CO","potentialAction":[{"@type":"ReadAction","target":["https:\/\/tumuebleonline.com\/index.php\/about-us\/"]}]},{"@type":"BreadcrumbList","@id":"https:\/\/tumuebleonline.com\/index.php\/about-us\/#breadcrumb","itemListElement":[{"@type":"ListItem","position":1,"name":"Inicio","item":"https:\/\/tumuebleonline.com\/"},{"@type":"ListItem","position":2,"name":"Quienes Somos"}]},{"@type":"WebSite","@id":"https:\/\/tumuebleonline.com\/#website","url":"https:\/\/tumuebleonline.com\/","name":"Tu Mueble Online","description":"Fabricacion de muebles en rattan sintetico y fibras naturales.","publisher":{"@id":"https:\/\/tumuebleonline.com\/#organization"},"potentialAction":[{"@type":"SearchAction","target":{"@type":"EntryPoint","urlTemplate":"https:\/\/tumuebleonline.com\/?s={search_term_string}"},"query-input":"required name=search_term_string"}],"inLanguage":"es-CO"},{"@type":"Organization","@id":"https:\/\/tumuebleonline.com\/#organization","name":"Tu Mueble Online","url":"https:\/\/tumuebleonline.com\/","logo":{"@type":"ImageObject","inLanguage":"es-CO","@id":"https:\/\/tumuebleonline.com\/#\/schema\/logo\/image\/","url":"https:\/\/tumuebleonline.com\/wp-content\/uploads\/2024\/03\/logoo-pqueno.jpg","contentUrl":"https:\/\/tumuebleonline.com\/wp-content\/uploads\/2024\/03\/logoo-pqueno.jpg","width":112,"height":112,"caption":"Tu Mueble Online"},"image":{"@id":"https:\/\/tumuebleonline.com\/#\/schema\/logo\/image\/"},"sameAs":["https:\/\/www.facebook.com\/tumuebleonlineee","https:\/\/www.tiktok.com\/@tumuebleonline","https:\/\/www.instagram.com\/tumuebleonline1\/","https:\/\/wa.me\/message\/XMW4WYMC7XMHM1"]}]}},"_links":{"self":[{"href":"https:\/\/tumuebleonline.com\/index.php\/wp-json\/wp\/v2\/pages\/4182","targetHints":{"allow":["GET"]}}],"collection":[{"href":"https:\/\/tumuebleonline.com\/index.php\/wp-json\/wp\/v2\/pages"}],"about":[{"href":"https:\/\/tumuebleonline.com\/index.php\/wp-json\/wp\/v2\/types\/page"}],"author":[{"embeddable":true,"href":"https:\/\/tumuebleonline.com\/index.php\/wp-json\/wp\/v2\/users\/2"}],"replies":[{"embeddable":true,"href":"https:\/\/tumuebleonline.com\/index.php\/wp-json\/wp\/v2\/comments?post=4182"}],"version-history":[{"count":5,"href":"https:\/\/tumuebleonline.com\/index.php\/wp-json\/wp\/v2\/pages\/4182\/revisions"}],"predecessor-version":[{"id":8190,"href":"https:\/\/tumuebleonline.com\/index.php\/wp-json\/wp\/v2\/pages\/4182\/revisions\/8190"}],"wp:attachment":[{"href":"https:\/\/tumuebleonline.com\/index.php\/wp-json\/wp\/v2\/media?parent=4182"}],"curies":[{"name":"wp","href":"https:\/\/api.w.org\/{rel}","templated":true}]}}